{"id":131,"date":"2015-04-04T07:38:32","date_gmt":"2015-04-04T06:38:32","guid":{"rendered":"http:\/\/www.busico-serramenti.it\/web\/?page_id=131"},"modified":"2017-08-16T11:23:22","modified_gmt":"2017-08-16T10:23:22","slug":"porte-blindate","status":"publish","type":"page","link":"https:\/\/www.busico-serramenti.it\/web\/index.php\/porte-blindate\/","title":{"rendered":"Porte blindate DIERRE"},"content":{"rendered":"<p>Le porte blindate Dierre sono una garanzia di qualit\u00e0 e affidabilit\u00e0 durature nel tempo, progettate e realizzate per darvi tutta la tranquillit\u00e0 che avete sempre desiderato oltre a costituire un vero e proprio elemento di arredo.<\/p>\n<p>E&#8217; possibile scegliere fra svariati modelli di rivestimento: pannelli lisci, pantografati, con cornici applicate, laccati, in pregiati legni massicci verniciati all&#8217;acqua, o in alluminio bugnato.<\/p>\n<figure id=\"attachment_560\" aria-describedby=\"caption-attachment-560\" style=\"width: 600px\" class=\"wp-caption alignleft\"><a href=\"http:\/\/www.busico-serramenti.it\/web\/wp-content\/uploads\/2015\/04\/elettra.jpg\"><img decoding=\"async\" loading=\"lazy\" class=\"size-full wp-image-560\" src=\"http:\/\/www.busico-serramenti.it\/web\/wp-content\/uploads\/2015\/04\/elettra.jpg\" alt=\"\" width=\"600\" height=\"348\" srcset=\"https:\/\/www.busico-serramenti.it\/web\/wp-content\/uploads\/2015\/04\/elettra.jpg 600w, https:\/\/www.busico-serramenti.it\/web\/wp-content\/uploads\/2015\/04\/elettra-300x174.jpg 300w\" sizes=\"(max-width: 600px) 100vw, 600px\" \/><\/a><figcaption id=\"caption-attachment-560\" class=\"wp-caption-text\">Elettra : porta blindata con serratura elettronica motorizzata<\/figcaption><\/figure>\n<p>&nbsp;<\/p>\n<p>&nbsp;<\/p>\n<p>&nbsp;<\/p>\n<p>&nbsp;<\/p>\n<p>&nbsp;<\/p>\n<p>&nbsp;<\/p>\n<p>&nbsp;<\/p>\n<p>&nbsp;<\/p>\n<p>&nbsp;<\/p>\n<figure id=\"attachment_562\" aria-describedby=\"caption-attachment-562\" style=\"width: 600px\" class=\"wp-caption alignleft\"><a href=\"http:\/\/www.busico-serramenti.it\/web\/wp-content\/uploads\/2015\/04\/main_hifi.jpg\"><img decoding=\"async\" loading=\"lazy\" class=\"size-full wp-image-562\" src=\"http:\/\/www.busico-serramenti.it\/web\/wp-content\/uploads\/2015\/04\/main_hifi.jpg\" alt=\"\" width=\"600\" height=\"348\" srcset=\"https:\/\/www.busico-serramenti.it\/web\/wp-content\/uploads\/2015\/04\/main_hifi.jpg 600w, https:\/\/www.busico-serramenti.it\/web\/wp-content\/uploads\/2015\/04\/main_hifi-300x174.jpg 300w\" sizes=\"(max-width: 600px) 100vw, 600px\" \/><\/a><figcaption id=\"caption-attachment-562\" class=\"wp-caption-text\">Hi-Fi : porta blindata con chiusura a doppia mappa e cilindro ad alta sicurezza<\/figcaption><\/figure>\n<figure id=\"attachment_564\" aria-describedby=\"caption-attachment-564\" style=\"width: 600px\" class=\"wp-caption alignleft\"><a href=\"http:\/\/www.busico-serramenti.it\/web\/wp-content\/uploads\/2015\/04\/main_sentry.jpg\"><img decoding=\"async\" loading=\"lazy\" class=\"size-full wp-image-564\" src=\"http:\/\/www.busico-serramenti.it\/web\/wp-content\/uploads\/2015\/04\/main_sentry.jpg\" alt=\"\" width=\"600\" height=\"348\" srcset=\"https:\/\/www.busico-serramenti.it\/web\/wp-content\/uploads\/2015\/04\/main_sentry.jpg 600w, https:\/\/www.busico-serramenti.it\/web\/wp-content\/uploads\/2015\/04\/main_sentry-300x174.jpg 300w\" sizes=\"(max-width: 600px) 100vw, 600px\" \/><\/a><figcaption id=\"caption-attachment-564\" class=\"wp-caption-text\">Sentry : porta blindata con serratura a cilindro ad alta sicurezza<\/figcaption><\/figure>\n<p>&nbsp;<\/p>\n<figure id=\"attachment_566\" aria-describedby=\"caption-attachment-566\" style=\"width: 600px\" class=\"wp-caption alignleft\"><a href=\"http:\/\/www.busico-serramenti.it\/web\/wp-content\/uploads\/2015\/04\/main_wall.jpg\"><img decoding=\"async\" loading=\"lazy\" class=\"size-full wp-image-566\" src=\"http:\/\/www.busico-serramenti.it\/web\/wp-content\/uploads\/2015\/04\/main_wall.jpg\" alt=\"\" width=\"600\" height=\"348\" srcset=\"https:\/\/www.busico-serramenti.it\/web\/wp-content\/uploads\/2015\/04\/main_wall.jpg 600w, https:\/\/www.busico-serramenti.it\/web\/wp-content\/uploads\/2015\/04\/main_wall-300x174.jpg 300w\" sizes=\"(max-width: 600px) 100vw, 600px\" \/><\/a><figcaption id=\"caption-attachment-566\" class=\"wp-caption-text\">Wall Security : porta blindata raso muro<\/figcaption><\/figure>\n<p>&nbsp;<\/p>\n<figure id=\"attachment_567\" aria-describedby=\"caption-attachment-567\" style=\"width: 600px\" class=\"wp-caption alignleft\"><a href=\"http:\/\/www.busico-serramenti.it\/web\/wp-content\/uploads\/2015\/04\/main_vitra.jpg\"><img decoding=\"async\" loading=\"lazy\" class=\"size-full wp-image-567\" src=\"http:\/\/www.busico-serramenti.it\/web\/wp-content\/uploads\/2015\/04\/main_vitra.jpg\" alt=\"\" width=\"600\" height=\"348\" srcset=\"https:\/\/www.busico-serramenti.it\/web\/wp-content\/uploads\/2015\/04\/main_vitra.jpg 600w, https:\/\/www.busico-serramenti.it\/web\/wp-content\/uploads\/2015\/04\/main_vitra-300x174.jpg 300w\" sizes=\"(max-width: 600px) 100vw, 600px\" \/><\/a><figcaption id=\"caption-attachment-567\" class=\"wp-caption-text\">Vitra : porta blindata a vetri<\/figcaption><\/figure>\n<p>&nbsp;<\/p>\n<p>&nbsp;<\/p>\n<p>&nbsp;<\/p>\n<figure id=\"attachment_568\" aria-describedby=\"caption-attachment-568\" style=\"width: 600px\" class=\"wp-caption alignleft\"><a href=\"http:\/\/www.busico-serramenti.it\/web\/wp-content\/uploads\/2015\/04\/main_dfive.jpg\"><img decoding=\"async\" loading=\"lazy\" class=\"size-full wp-image-568\" src=\"http:\/\/www.busico-serramenti.it\/web\/wp-content\/uploads\/2015\/04\/main_dfive.jpg\" alt=\"\" width=\"600\" height=\"348\" srcset=\"https:\/\/www.busico-serramenti.it\/web\/wp-content\/uploads\/2015\/04\/main_dfive.jpg 600w, https:\/\/www.busico-serramenti.it\/web\/wp-content\/uploads\/2015\/04\/main_dfive-300x174.jpg 300w\" sizes=\"(max-width: 600px) 100vw, 600px\" \/><\/a><figcaption id=\"caption-attachment-568\" class=\"wp-caption-text\">D-Five Stars : porta blindata classe 5<\/figcaption><\/figure>\n<p>&nbsp;<\/p>\n<figure id=\"attachment_570\" aria-describedby=\"caption-attachment-570\" style=\"width: 600px\" class=\"wp-caption alignleft\"><a href=\"http:\/\/www.busico-serramenti.it\/web\/wp-content\/uploads\/2015\/04\/main_dierre_silence.jpg\"><img decoding=\"async\" loading=\"lazy\" class=\"size-full wp-image-570\" src=\"http:\/\/www.busico-serramenti.it\/web\/wp-content\/uploads\/2015\/04\/main_dierre_silence.jpg\" alt=\"\" width=\"600\" height=\"348\" srcset=\"https:\/\/www.busico-serramenti.it\/web\/wp-content\/uploads\/2015\/04\/main_dierre_silence.jpg 600w, https:\/\/www.busico-serramenti.it\/web\/wp-content\/uploads\/2015\/04\/main_dierre_silence-300x174.jpg 300w\" sizes=\"(max-width: 600px) 100vw, 600px\" \/><\/a><figcaption id=\"caption-attachment-570\" class=\"wp-caption-text\">Silence : porta blindata per interni<\/figcaption><\/figure>\n<p>&nbsp;<\/p>\n<figure id=\"attachment_571\" aria-describedby=\"caption-attachment-571\" style=\"width: 600px\" class=\"wp-caption alignleft\"><a href=\"http:\/\/www.busico-serramenti.it\/web\/wp-content\/uploads\/2015\/04\/main_at.jpg\"><img decoding=\"async\" loading=\"lazy\" class=\"size-full wp-image-571\" src=\"http:\/\/www.busico-serramenti.it\/web\/wp-content\/uploads\/2015\/04\/main_at.jpg\" alt=\"\" width=\"600\" height=\"403\" srcset=\"https:\/\/www.busico-serramenti.it\/web\/wp-content\/uploads\/2015\/04\/main_at.jpg 600w, https:\/\/www.busico-serramenti.it\/web\/wp-content\/uploads\/2015\/04\/main_at-300x202.jpg 300w\" sizes=\"(max-width: 600px) 100vw, 600px\" \/><\/a><figcaption id=\"caption-attachment-571\" class=\"wp-caption-text\">AT : porta blindata con serratura a doppia mappa<\/figcaption><\/figure>\n<p>&nbsp;<\/p>\n<figure id=\"attachment_572\" aria-describedby=\"caption-attachment-572\" style=\"width: 529px\" class=\"wp-caption alignleft\"><a href=\"http:\/\/www.busico-serramenti.it\/web\/wp-content\/uploads\/2015\/04\/hibry.png\"><img decoding=\"async\" loading=\"lazy\" class=\"size-full wp-image-572\" src=\"http:\/\/www.busico-serramenti.it\/web\/wp-content\/uploads\/2015\/04\/hibry.png\" alt=\"\" width=\"529\" height=\"436\" srcset=\"https:\/\/www.busico-serramenti.it\/web\/wp-content\/uploads\/2015\/04\/hibry.png 529w, https:\/\/www.busico-serramenti.it\/web\/wp-content\/uploads\/2015\/04\/hibry-300x247.png 300w\" sizes=\"(max-width: 529px) 100vw, 529px\" \/><\/a><figcaption id=\"caption-attachment-572\" class=\"wp-caption-text\">Hibry : porta blindata con serratura a gestione elettronica e manuale<\/figcaption><\/figure>\n<p>&nbsp;<\/p>\n<figure id=\"attachment_573\" aria-describedby=\"caption-attachment-573\" style=\"width: 600px\" class=\"wp-caption alignleft\"><a href=\"http:\/\/www.busico-serramenti.it\/web\/wp-content\/uploads\/2015\/04\/main_synergyin.jpg\"><img decoding=\"async\" loading=\"lazy\" class=\"size-full wp-image-573\" src=\"http:\/\/www.busico-serramenti.it\/web\/wp-content\/uploads\/2015\/04\/main_synergyin.jpg\" alt=\"\" width=\"600\" height=\"403\" srcset=\"https:\/\/www.busico-serramenti.it\/web\/wp-content\/uploads\/2015\/04\/main_synergyin.jpg 600w, https:\/\/www.busico-serramenti.it\/web\/wp-content\/uploads\/2015\/04\/main_synergyin-300x202.jpg 300w\" sizes=\"(max-width: 600px) 100vw, 600px\" \/><\/a><figcaption id=\"caption-attachment-573\" class=\"wp-caption-text\">Sinergy In : porta blindata full optional per ambienti interni<\/figcaption><\/figure>\n<figure id=\"attachment_575\" aria-describedby=\"caption-attachment-575\" style=\"width: 600px\" class=\"wp-caption alignleft\"><a href=\"http:\/\/www.busico-serramenti.it\/web\/wp-content\/uploads\/2015\/04\/main_synergyout.jpg\"><img decoding=\"async\" loading=\"lazy\" class=\"size-full wp-image-575\" src=\"http:\/\/www.busico-serramenti.it\/web\/wp-content\/uploads\/2015\/04\/main_synergyout.jpg\" alt=\"\" width=\"600\" height=\"403\" srcset=\"https:\/\/www.busico-serramenti.it\/web\/wp-content\/uploads\/2015\/04\/main_synergyout.jpg 600w, https:\/\/www.busico-serramenti.it\/web\/wp-content\/uploads\/2015\/04\/main_synergyout-300x202.jpg 300w\" sizes=\"(max-width: 600px) 100vw, 600px\" \/><\/a><figcaption id=\"caption-attachment-575\" class=\"wp-caption-text\">Synergy Out : porta blindata full optional per ambienti esterni<\/figcaption><\/figure>\n<p>&nbsp;<\/p>\n<p>&nbsp;<\/p>\n<p>&nbsp;<\/p>\n<p>&nbsp;<\/p>\n<p>&nbsp;<\/p>\n<p>&nbsp;<\/p>\n<p>&nbsp;<\/p>\n<p>&nbsp;<\/p>\n<p>&nbsp;<\/p>\n<p>&nbsp;<\/p>\n<p>&nbsp;<\/p>\n<p>&nbsp;<\/p>\n<p>&nbsp;<\/p>\n<p>&nbsp;<\/p>\n<p>&nbsp;<\/p>\n<p>&nbsp;<\/p>\n<p>&nbsp;<\/p>\n<p>&nbsp;<\/p>\n<p>&nbsp;<\/p>\n<p>&nbsp;<\/p>\n<p>&nbsp;<\/p>\n<p>&nbsp;<\/p>\n","protected":false},"excerpt":{"rendered":"<p>Le porte blindate Dierre sono una garanzia di qualit\u00e0 e affidabilit\u00e0 durature nel tempo, progettate e realizzate per darvi tutta la tranquillit\u00e0 che avete sempre desiderato oltre a costituire un vero e proprio elemento di arredo. E&#8217; possibile scegliere fra svariati modelli di rivestimento: pannelli lisci, pantografati, con cornici applicate, laccati, in pregiati legni massicci&#8230;<\/p>\n","protected":false},"author":1,"featured_media":0,"parent":0,"menu_order":0,"comment_status":"closed","ping_status":"closed","template":"","meta":{"ngg_post_thumbnail":0,"footnotes":""},"_links":{"self":[{"href":"https:\/\/www.busico-serramenti.it\/web\/index.php\/wp-json\/wp\/v2\/pages\/131"}],"collection":[{"href":"https:\/\/www.busico-serramenti.it\/web\/index.php\/wp-json\/wp\/v2\/pages"}],"about":[{"href":"https:\/\/www.busico-serramenti.it\/web\/index.php\/wp-json\/wp\/v2\/types\/page"}],"author":[{"embeddable":true,"href":"https:\/\/www.busico-serramenti.it\/web\/index.php\/wp-json\/wp\/v2\/users\/1"}],"replies":[{"embeddable":true,"href":"https:\/\/www.busico-serramenti.it\/web\/index.php\/wp-json\/wp\/v2\/comments?post=131"}],"version-history":[{"count":9,"href":"https:\/\/www.busico-serramenti.it\/web\/index.php\/wp-json\/wp\/v2\/pages\/131\/revisions"}],"predecessor-version":[{"id":577,"href":"https:\/\/www.busico-serramenti.it\/web\/index.php\/wp-json\/wp\/v2\/pages\/131\/revisions\/577"}],"wp:attachment":[{"href":"https:\/\/www.busico-serramenti.it\/web\/index.php\/wp-json\/wp\/v2\/media?parent=131"}],"curies":[{"name":"wp","href":"https:\/\/api.w.org\/{rel}","templated":true}]}}