{"id":10,"date":"2015-02-07T19:08:10","date_gmt":"2015-02-07T18:08:10","guid":{"rendered":"http:\/\/www.busico-serramenti.it\/web\/?page_id=10"},"modified":"2023-10-23T06:17:05","modified_gmt":"2023-10-23T05:17:05","slug":"home","status":"publish","type":"page","link":"https:\/\/www.busico-serramenti.it\/web\/","title":{"rendered":"Home"},"content":{"rendered":"<div id=\"pl-10\"  class=\"panel-layout\" ><div id=\"pg-10-0\"  class=\"panel-grid panel-no-style\" ><div id=\"pgc-10-0-0\"  class=\"panel-grid-cell\" ><div id=\"panel-10-0-0-0\" class=\"so-panel widget widget_text panel-first-child\" data-index=\"0\" >\t\t\t<div class=\"textwidget\"><p>&nbsp;<\/p>\n<p>Busico Francesco \u00e8 presente nel settore dal 1976 con la lavorazione di profili in alluminio per la realizzazione di serramenti<\/p>\n<p>L&#8217;azienda ha continuato ad evolversi nel tempo, e grazie ad opportune scelte di mercato, alla grande esperienza e ad una politica aziendale orientata sempre alla grande qualit\u00e0 dell&#8217;offerta, oggi Busico Francesco \u00e8 anche rivenditore dei grandi marchi del settore quali DIERRE, Mito, TreP-TrePi\u00f9, INTERNORM e soluzioni d&#8217;automazione Somfy.<\/p>\n<div style=\"width: 640px;\" class=\"wp-video\"><!--[if lt IE 9]><script>document.createElement('video');<\/script><![endif]-->\n<video class=\"wp-video-shortcode\" id=\"video-0-1\" preload=\"metadata\" controls=\"controls\"><source type=\"video\/mp4\" src=\"http:\/\/www.busico-serramenti.it\/web\/wp-content\/uploads\/2020\/10\/serramenti_1.mp4?_=1\" \/><a href=\"http:\/\/www.busico-serramenti.it\/web\/wp-content\/uploads\/2020\/10\/serramenti_1.mp4\">http:\/\/www.busico-serramenti.it\/web\/wp-content\/uploads\/2020\/10\/serramenti_1.mp4<\/a><\/video><\/div>\n<\/div>\n\t\t<\/div><div id=\"panel-10-0-0-1\" class=\"so-panel widget widget_text panel-last-child\" data-index=\"1\" ><h3 class=\"widget-title\">I nostri marchi<\/h3>\t\t\t<div class=\"textwidget\"><br \/>\n<table width=\"489\" height=\"329\" border=\"0\">\n<tr>\n<td height=\"68\" >\n<div align=\"center\"><img src=\"http:\/\/www.busico-serramenti.it\/web\/wp-content\/uploads\/2019\/03\/internorm_logo.png\" width=\"245\" height=\"52\" border=\"0\" \/><\/div>\n<\/td>\n<td height=\"68\" >\n<div align=\"center\"><img src=\"http:\/\/www.busico-serramenti.it\/web\/wp-content\/uploads\/2023\/10\/chirenti.jpg\"border=\"0\" \/><\/div>\n<\/td>\n<\/tr>\n<tr>\n<td height=\"72\">\n<div align=\"center\"><img src=\"http:\/\/www.busico-serramenti.it\/web\/wp-content\/uploads\/2015\/03\/ginko1.jpg\" width=\"156\" height=\"64\" border=\"0\" \/><\/div>\n<\/td>\n<td height=\"72\">\n<div align=\"center\"><img src=\"http:\/\/www.busico-serramenti.it\/web\/wp-content\/uploads\/2015\/03\/aluform.jpg\" width=\"181\" height=\"60\" border=\"0\"\/><\/div>\n<\/td>\n<\/tr>\n<tr>\n<td width=\"244\" height=\"75\">\n<div align=\"center\"><img src=\"http:\/\/www.busico-serramenti.it\/web\/wp-content\/uploads\/2015\/03\/dierre-partner.jpg\" border=\"0\" \/><\/div>\n<\/td>\n<td width=\"235\">\n<div align=\"center\"><img src=\"http:\/\/www.busico-serramenti.it\/web\/wp-content\/uploads\/2015\/04\/logo_mito.jpg\" width=\"127\" height=\"54\" border=\"0\" \/><\/div>\n<\/td>\n<\/tr>\n<tr>\n<td height=\"55\" colspan=\"2\">\n<div align=\"center\">\n<p><img src=\"http:\/\/www.busico-serramenti.it\/web\/wp-content\/uploads\/2015\/03\/treP_logo1.jpg\" width=\"290\" height=\"34\" border=\"0\" \/><\/p>\n<\/div>\n<\/td>\n<\/tr>\n<tr bgcolor=\"#FFFFFF\">\n<td height=\"36\" colspan=\"2\">\n<div align=\"center\"><img src=\"http:\/\/www.busico-serramenti.it\/web\/wp-content\/uploads\/2018\/09\/somfy.png\" width=\"90\" height=\"90\" border=\"0\" \/><\/div>\n<\/td>\n<\/tr>\n<tr bgcolor=\"#FFFFFF\">\n<td height=\"36\" colspan=\"2\">\n<div align=\"center\"><img src=\"http:\/\/www.busico-serramenti.it\/web\/wp-content\/uploads\/2019\/06\/sikur_marchio.png\" width=\"90\" height=\"90\" border=\"0\" \/><\/div>\n<\/td>\n<\/tr>\n<\/table>\n<\/div>\n\t\t<\/div><\/div><\/div><div id=\"pg-10-1\"  class=\"panel-grid panel-no-style\" ><div id=\"pgc-10-1-0\"  class=\"panel-grid-cell panel-grid-cell-empty panel-grid-cell-mobile-last\" ><\/div><div id=\"pgc-10-1-1\"  class=\"panel-grid-cell panel-grid-cell-empty\" ><\/div><\/div><\/div>","protected":false},"excerpt":{"rendered":"<p>&nbsp; Busico Francesco \u00e8 presente nel settore dal 1976 con la lavorazione di profili in alluminio per la realizzazione di serramenti L&#8217;azienda ha continuato ad evolversi nel tempo, e grazie ad opportune scelte di mercato, alla grande esperienza e ad una politica aziendale orientata sempre alla grande qualit\u00e0 dell&#8217;offerta, oggi Busico Francesco \u00e8 anche rivenditore&#8230;<\/p>\n","protected":false},"author":1,"featured_media":0,"parent":0,"menu_order":0,"comment_status":"closed","ping_status":"closed","template":"","meta":{"ngg_post_thumbnail":0,"footnotes":""},"_links":{"self":[{"href":"https:\/\/www.busico-serramenti.it\/web\/index.php\/wp-json\/wp\/v2\/pages\/10"}],"collection":[{"href":"https:\/\/www.busico-serramenti.it\/web\/index.php\/wp-json\/wp\/v2\/pages"}],"about":[{"href":"https:\/\/www.busico-serramenti.it\/web\/index.php\/wp-json\/wp\/v2\/types\/page"}],"author":[{"embeddable":true,"href":"https:\/\/www.busico-serramenti.it\/web\/index.php\/wp-json\/wp\/v2\/users\/1"}],"replies":[{"embeddable":true,"href":"https:\/\/www.busico-serramenti.it\/web\/index.php\/wp-json\/wp\/v2\/comments?post=10"}],"version-history":[{"count":61,"href":"https:\/\/www.busico-serramenti.it\/web\/index.php\/wp-json\/wp\/v2\/pages\/10\/revisions"}],"predecessor-version":[{"id":848,"href":"https:\/\/www.busico-serramenti.it\/web\/index.php\/wp-json\/wp\/v2\/pages\/10\/revisions\/848"}],"wp:attachment":[{"href":"https:\/\/www.busico-serramenti.it\/web\/index.php\/wp-json\/wp\/v2\/media?parent=10"}],"curies":[{"name":"wp","href":"https:\/\/api.w.org\/{rel}","templated":true}]}}